{"id":6862,"date":"2023-05-15T15:00:09","date_gmt":"2023-05-15T13:00:09","guid":{"rendered":"https:\/\/kunden.cayou-media.de\/gampt\/?page_id=6862"},"modified":"2026-02-16T10:36:25","modified_gmt":"2026-02-16T09:36:25","slug":"certificates","status":"publish","type":"page","link":"https:\/\/www.gampt.de\/en\/certificates\/","title":{"rendered":"Certificates"},"content":{"rendered":"<p>[et_pb_section fb_built=&#8221;1&#8243; _builder_version=&#8221;4.19.5&#8243; _module_preset=&#8221;default&#8221; global_colors_info=&#8221;{}&#8221;][et_pb_row column_structure=&#8221;1_4,3_4&#8243; _builder_version=&#8221;4.19.5&#8243; _module_preset=&#8221;default&#8221; global_colors_info=&#8221;{}&#8221;][et_pb_column type=&#8221;1_4&#8243; _builder_version=&#8221;4.19.5&#8243; _module_preset=&#8221;default&#8221; global_colors_info=&#8221;{}&#8221;][et_pb_image src=&#8221;https:\/\/www.gampt.de\/wp-content\/uploads\/2023\/05\/Zertifikat.jpg&#8221; title_text=&#8221;Zertifikat&#8221; admin_label=&#8221;Image Certificates&#8221; _builder_version=&#8221;4.20.0&#8243; _module_preset=&#8221;default&#8221; global_colors_info=&#8221;{}&#8221;][\/et_pb_image][\/et_pb_column][et_pb_column type=&#8221;3_4&#8243; _builder_version=&#8221;4.19.5&#8243; _module_preset=&#8221;default&#8221; global_colors_info=&#8221;{}&#8221;][et_pb_text admin_label=&#8221;Headline Certificates&#8221; module_class=&#8221;ueberschrift_bg_grau&#8221; _builder_version=&#8221;4.20.0&#8243; _module_preset=&#8221;default&#8221; global_colors_info=&#8221;{}&#8221;]<\/p>\n<h3>Certificates<\/h3>\n<p>[\/et_pb_text][et_pb_text admin_label=&#8221;Text Certificates&#8221; _builder_version=&#8221;4.27.5&#8243; _module_preset=&#8221;default&#8221; hover_enabled=&#8221;0&#8243; global_colors_info=&#8221;{}&#8221; sticky_enabled=&#8221;0&#8243;]<\/p>\n<p>To improve and maintain our hight quality requirements for our bubble and coagulation detectors, we have introduced a quality management system according to EN ISO 13485 standard. The introduction and application of the QM system was certified by T\u00dcV S\u00fcd on 24 january 2017 and recertified again on 20 January 2023.<\/p>\n<div class='w3eden'><!-- WPDM Link Template: Default Template -->\n\n<div class=\"link-template-default card mb-2\">\n    <div class=\"card-body\">\n        <div class=\"media\">\n            <div class=\"mr-3 img-48\"><img decoding=\"async\" class=\"wpdm_icon\" alt=\"Icon\"   src=\"https:\/\/www.gampt.de\/wp-content\/plugins\/download-manager\/assets\/file-type-icons\/pdf.svg\" \/><\/div>\n            <div class=\"media-body\">\n                <h3 class=\"package-title\">Certificate 09.12.2025<\/h3>\n                <div class=\"text-muted text-small\"><i class=\"fas fa-copy\"><\/i> 1 file(s) <i class=\"fas fa-hdd ml-3\"><\/i> 375.01 KB<\/div>\n            <\/div>\n            <div class=\"ml-3\">\n               <a class='wpdm-download-link download-on-click btn btn-link ' rel='nofollow' href='#' data-downloadurl=\"https:\/\/www.gampt.de\/en\/download\/certificate-09-12-2025\/?wpdmdl=20984&refresh=6a03aa3e5585a1778625086\">Download<\/a>\n            <\/div>\n        <\/div>\n    <\/div>\n<\/div>\n<\/div>\n<p>[\/et_pb_text][\/et_pb_column][\/et_pb_row][\/et_pb_section]<\/p>\n","protected":false},"excerpt":{"rendered":"<p>CertificatesTo improve and maintain our hight quality requirements for our bubble and coagulation detectors, we have introduced a quality management system according to EN ISO 13485 standard. The introduction and application of the QM system was certified by T\u00dcV S\u00fcd on 24 january 2017 and recertified again on 20 January 2023. <div class='w3eden'><!-- WPDM Link Template: Default Template -->\n\n<div class=\"link-template-default card mb-2\">\n    <div class=\"card-body\">\n        <div class=\"media\">\n            <div class=\"mr-3 img-48\"><img decoding=\"async\" class=\"wpdm_icon\" alt=\"Icon\"   src=\"https:\/\/www.gampt.de\/wp-content\/plugins\/download-manager\/assets\/file-type-icons\/pdf.svg\" \/><\/div>\n            <div class=\"media-body\">\n                <h3 class=\"package-title\">Certificate 09.12.2025<\/h3>\n                <div class=\"text-muted text-small\"><i class=\"fas fa-copy\"><\/i> 1 file(s) <i class=\"fas fa-hdd ml-3\"><\/i> 375.01 KB<\/div>\n            <\/div>\n            <div class=\"ml-3\">\n               <a class='wpdm-download-link download-on-click btn btn-link ' rel='nofollow' href='#' data-downloadurl=\"https:\/\/www.gampt.de\/en\/download\/certificate-09-12-2025\/?wpdmdl=20984&refresh=6a03aa3eb708e1778625086\">Download<\/a>\n            <\/div>\n        <\/div>\n    <\/div>\n<\/div>\n<\/div><\/p>\n","protected":false},"author":1,"featured_media":0,"parent":0,"menu_order":0,"comment_status":"closed","ping_status":"closed","template":"","meta":{"_et_pb_use_builder":"on","_et_pb_old_content":"<p>[et_pb_section fb_built=\"1\" _builder_version=\"4.19.5\" _module_preset=\"default\" global_colors_info=\"{}\"][et_pb_row column_structure=\"1_4,3_4\" _builder_version=\"4.19.5\" _module_preset=\"default\" global_colors_info=\"{}\"][et_pb_column type=\"1_4\" _builder_version=\"4.19.5\" _module_preset=\"default\" global_colors_info=\"{}\"][et_pb_image src=\"https:\/\/www.gampt.de\/wp-content\/uploads\/2023\/05\/Zertifikat.jpg\" title_text=\"Zertifikat\" admin_label=\"Bild Zertifikate\" _builder_version=\"4.20.0\" _module_preset=\"default\" global_colors_info=\"{}\"][\/et_pb_image][\/et_pb_column][et_pb_column type=\"3_4\" _builder_version=\"4.19.5\" _module_preset=\"default\" global_colors_info=\"{}\"][et_pb_text admin_label=\"\u00dcberschrift Zertifikate\" module_class=\"ueberschrift_bg_grau\" _builder_version=\"4.20.0\" _module_preset=\"default\" global_colors_info=\"{}\"]<\/p><h3>Zertifikate<\/h3><p>[\/et_pb_text][et_pb_text admin_label=\"Text Zertifikate\" _builder_version=\"4.20.0\" _module_preset=\"default\" global_colors_info=\"{}\"]<\/p><p>Zur Verbesserung und Aufrechterhaltung unserer hohen Qualit\u00e4tsanspr\u00fcche f\u00fcr unsere Blasen- und Gerinnungsdetektoren haben wir ein Qualit\u00e4tsmanagementsystem nach der Norm EN ISO 13485 eingef\u00fchrt.<br \/>Die Einf\u00fchrung und Anwendung des QM-Systems wurde uns durch den T\u00dcV S\u00fcd zum 24.01.2017 bescheinigt und zum wiederholten Mal am 20.1.2023 rezertifiziert.<\/p><p>[wpdm_package id='6851']<\/p><p>[\/et_pb_text][\/et_pb_column][\/et_pb_row][\/et_pb_section]<\/p>","_et_gb_content_width":"","inline_featured_image":false,"footnotes":""},"class_list":["post-6862","page","type-page","status-publish","hentry"],"yoast_head":"<!-- This site is optimized with the Yoast SEO plugin v27.5 - https:\/\/yoast.com\/product\/yoast-seo-wordpress\/ -->\n<title>Certificates &#187; GAMPT mbH<\/title>\n<meta name=\"description\" content=\"Certificates &#187; GAMPT mbH\" \/>\n<meta name=\"robots\" content=\"index, follow, max-snippet:-1, max-image-preview:large, max-video-preview:-1\" \/>\n<link rel=\"canonical\" href=\"https:\/\/www.gampt.de\/en\/certificates\/\" \/>\n<meta property=\"og:locale\" content=\"en_US\" \/>\n<meta property=\"og:type\" content=\"article\" \/>\n<meta property=\"og:title\" content=\"Certificates &#187; GAMPT mbH\" \/>\n<meta property=\"og:description\" content=\"Certificates &#187; GAMPT mbH\" \/>\n<meta property=\"og:url\" content=\"https:\/\/www.gampt.de\/en\/certificates\/\" \/>\n<meta property=\"og:site_name\" content=\"GAMPT mbH\" \/>\n<meta property=\"article:modified_time\" content=\"2026-02-16T09:36:25+00:00\" \/>\n<meta name=\"twitter:card\" content=\"summary_large_image\" \/>\n<meta name=\"twitter:label1\" content=\"Est. reading time\" \/>\n\t<meta name=\"twitter:data1\" content=\"1 minute\" \/>\n<script type=\"application\/ld+json\" class=\"yoast-schema-graph\">{\"@context\":\"https:\\\/\\\/schema.org\",\"@graph\":[{\"@type\":\"WebPage\",\"@id\":\"https:\\\/\\\/www.gampt.de\\\/en\\\/certificates\\\/\",\"url\":\"https:\\\/\\\/www.gampt.de\\\/en\\\/certificates\\\/\",\"name\":\"Certificates &#187; GAMPT mbH\",\"isPartOf\":{\"@id\":\"https:\\\/\\\/www.gampt.de\\\/#website\"},\"datePublished\":\"2023-05-15T13:00:09+00:00\",\"dateModified\":\"2026-02-16T09:36:25+00:00\",\"description\":\"Certificates &#187; GAMPT mbH\",\"breadcrumb\":{\"@id\":\"https:\\\/\\\/www.gampt.de\\\/en\\\/certificates\\\/#breadcrumb\"},\"inLanguage\":\"en-US\",\"potentialAction\":[{\"@type\":\"ReadAction\",\"target\":[\"https:\\\/\\\/www.gampt.de\\\/en\\\/certificates\\\/\"]}]},{\"@type\":\"BreadcrumbList\",\"@id\":\"https:\\\/\\\/www.gampt.de\\\/en\\\/certificates\\\/#breadcrumb\",\"itemListElement\":[{\"@type\":\"ListItem\",\"position\":1,\"name\":\"Startseite\",\"item\":\"https:\\\/\\\/www.gampt.de\\\/en\\\/home\\\/\"},{\"@type\":\"ListItem\",\"position\":2,\"name\":\"Certificates\"}]},{\"@type\":\"WebSite\",\"@id\":\"https:\\\/\\\/www.gampt.de\\\/#website\",\"url\":\"https:\\\/\\\/www.gampt.de\\\/\",\"name\":\"INNOVATIVE ULTRASCHAL\u00adL\u00adMESSTECHNIK - GAMPT mbH\",\"description\":\"Innovative Ultraschall L\u00f6sungen - Innvoative Ultrasound Solutions\",\"publisher\":{\"@id\":\"https:\\\/\\\/www.gampt.de\\\/#organization\"},\"potentialAction\":[{\"@type\":\"SearchAction\",\"target\":{\"@type\":\"EntryPoint\",\"urlTemplate\":\"https:\\\/\\\/www.gampt.de\\\/?s={search_term_string}\"},\"query-input\":{\"@type\":\"PropertyValueSpecification\",\"valueRequired\":true,\"valueName\":\"search_term_string\"}}],\"inLanguage\":\"en-US\"},{\"@type\":\"Organization\",\"@id\":\"https:\\\/\\\/www.gampt.de\\\/#organization\",\"name\":\"GAMPT mbH\",\"url\":\"https:\\\/\\\/www.gampt.de\\\/\",\"logo\":{\"@type\":\"ImageObject\",\"inLanguage\":\"en-US\",\"@id\":\"https:\\\/\\\/www.gampt.de\\\/#\\\/schema\\\/logo\\\/image\\\/\",\"url\":\"https:\\\/\\\/www.gampt.de\\\/wp-content\\\/uploads\\\/2023\\\/05\\\/Logo_GAMPT_news2.jpg\",\"contentUrl\":\"https:\\\/\\\/www.gampt.de\\\/wp-content\\\/uploads\\\/2023\\\/05\\\/Logo_GAMPT_news2.jpg\",\"width\":600,\"height\":450,\"caption\":\"GAMPT mbH\"},\"image\":{\"@id\":\"https:\\\/\\\/www.gampt.de\\\/#\\\/schema\\\/logo\\\/image\\\/\"},\"sameAs\":[\"https:\\\/\\\/www.instagram.com\\\/gamptmbh\",\"https:\\\/\\\/www.linkedin.com\\\/company\\\/18440258\"]}]}<\/script>\n<!-- \/ Yoast SEO plugin. -->","yoast_head_json":{"title":"Certificates &#187; GAMPT mbH","description":"Certificates &#187; GAMPT mbH","robots":{"index":"index","follow":"follow","max-snippet":"max-snippet:-1","max-image-preview":"max-image-preview:large","max-video-preview":"max-video-preview:-1"},"canonical":"https:\/\/www.gampt.de\/en\/certificates\/","og_locale":"en_US","og_type":"article","og_title":"Certificates &#187; GAMPT mbH","og_description":"Certificates &#187; GAMPT mbH","og_url":"https:\/\/www.gampt.de\/en\/certificates\/","og_site_name":"GAMPT mbH","article_modified_time":"2026-02-16T09:36:25+00:00","twitter_card":"summary_large_image","twitter_misc":{"Est. reading time":"1 minute"},"schema":{"@context":"https:\/\/schema.org","@graph":[{"@type":"WebPage","@id":"https:\/\/www.gampt.de\/en\/certificates\/","url":"https:\/\/www.gampt.de\/en\/certificates\/","name":"Certificates &#187; GAMPT mbH","isPartOf":{"@id":"https:\/\/www.gampt.de\/#website"},"datePublished":"2023-05-15T13:00:09+00:00","dateModified":"2026-02-16T09:36:25+00:00","description":"Certificates &#187; GAMPT mbH","breadcrumb":{"@id":"https:\/\/www.gampt.de\/en\/certificates\/#breadcrumb"},"inLanguage":"en-US","potentialAction":[{"@type":"ReadAction","target":["https:\/\/www.gampt.de\/en\/certificates\/"]}]},{"@type":"BreadcrumbList","@id":"https:\/\/www.gampt.de\/en\/certificates\/#breadcrumb","itemListElement":[{"@type":"ListItem","position":1,"name":"Startseite","item":"https:\/\/www.gampt.de\/en\/home\/"},{"@type":"ListItem","position":2,"name":"Certificates"}]},{"@type":"WebSite","@id":"https:\/\/www.gampt.de\/#website","url":"https:\/\/www.gampt.de\/","name":"INNOVATIVE ULTRASCHAL\u00adL\u00adMESSTECHNIK - GAMPT mbH","description":"Innovative Ultraschall L\u00f6sungen - Innvoative Ultrasound Solutions","publisher":{"@id":"https:\/\/www.gampt.de\/#organization"},"potentialAction":[{"@type":"SearchAction","target":{"@type":"EntryPoint","urlTemplate":"https:\/\/www.gampt.de\/?s={search_term_string}"},"query-input":{"@type":"PropertyValueSpecification","valueRequired":true,"valueName":"search_term_string"}}],"inLanguage":"en-US"},{"@type":"Organization","@id":"https:\/\/www.gampt.de\/#organization","name":"GAMPT mbH","url":"https:\/\/www.gampt.de\/","logo":{"@type":"ImageObject","inLanguage":"en-US","@id":"https:\/\/www.gampt.de\/#\/schema\/logo\/image\/","url":"https:\/\/www.gampt.de\/wp-content\/uploads\/2023\/05\/Logo_GAMPT_news2.jpg","contentUrl":"https:\/\/www.gampt.de\/wp-content\/uploads\/2023\/05\/Logo_GAMPT_news2.jpg","width":600,"height":450,"caption":"GAMPT mbH"},"image":{"@id":"https:\/\/www.gampt.de\/#\/schema\/logo\/image\/"},"sameAs":["https:\/\/www.instagram.com\/gamptmbh","https:\/\/www.linkedin.com\/company\/18440258"]}]}},"jetpack_sharing_enabled":true,"_links":{"self":[{"href":"https:\/\/www.gampt.de\/en\/wp-json\/wp\/v2\/pages\/6862","targetHints":{"allow":["GET"]}}],"collection":[{"href":"https:\/\/www.gampt.de\/en\/wp-json\/wp\/v2\/pages"}],"about":[{"href":"https:\/\/www.gampt.de\/en\/wp-json\/wp\/v2\/types\/page"}],"author":[{"embeddable":true,"href":"https:\/\/www.gampt.de\/en\/wp-json\/wp\/v2\/users\/1"}],"replies":[{"embeddable":true,"href":"https:\/\/www.gampt.de\/en\/wp-json\/wp\/v2\/comments?post=6862"}],"version-history":[{"count":2,"href":"https:\/\/www.gampt.de\/en\/wp-json\/wp\/v2\/pages\/6862\/revisions"}],"predecessor-version":[{"id":20989,"href":"https:\/\/www.gampt.de\/en\/wp-json\/wp\/v2\/pages\/6862\/revisions\/20989"}],"wp:attachment":[{"href":"https:\/\/www.gampt.de\/en\/wp-json\/wp\/v2\/media?parent=6862"}],"curies":[{"name":"wp","href":"https:\/\/api.w.org\/{rel}","templated":true}]}}