{"id":6798,"date":"2023-05-15T14:02:53","date_gmt":"2023-05-15T12:02:53","guid":{"rendered":"https:\/\/kunden.cayou-media.de\/gampt\/?page_id=6798"},"modified":"2023-05-17T12:31:06","modified_gmt":"2023-05-17T10:31:06","slug":"research-and-development","status":"publish","type":"page","link":"https:\/\/www.gampt.de\/en\/research-and-development\/","title":{"rendered":"Research and Development"},"content":{"rendered":"<p>[et_pb_section fb_built=&#8221;1&#8243; _builder_version=&#8221;4.19.5&#8243; _module_preset=&#8221;default&#8221; global_colors_info=&#8221;{}&#8221;][et_pb_row column_structure=&#8221;2_5,3_5&#8243; _builder_version=&#8221;4.19.5&#8243; _module_preset=&#8221;default&#8221; global_colors_info=&#8221;{}&#8221;][et_pb_column type=&#8221;2_5&#8243; _builder_version=&#8221;4.19.5&#8243; _module_preset=&#8221;default&#8221; global_colors_info=&#8221;{}&#8221;][et_pb_image src=&#8221;https:\/\/www.gampt.de\/wp-content\/uploads\/2023\/05\/Forschung_und_Entwicklung.jpg&#8221; title_text=&#8221;Forschung und Entwicklung&#8221; admin_label=&#8221;Image Research and Development&#8221; _builder_version=&#8221;4.20.0&#8243; _module_preset=&#8221;default&#8221; global_colors_info=&#8221;{}&#8221;][\/et_pb_image][et_pb_text admin_label=&#8221;Text below the image&#8221; _builder_version=&#8221;4.20.0&#8243; _module_preset=&#8221;default&#8221; hover_enabled=&#8221;0&#8243; global_colors_info=&#8221;{}&#8221; sticky_enabled=&#8221;0&#8243;]<\/p>\n<p>Are you interested in a cooperation or would like to have further information please <a href=\"https:\/\/www.gampt.de\/en\/contact-form\/\">contact <\/a>us.<\/p>\n<p>[\/et_pb_text][\/et_pb_column][et_pb_column type=&#8221;3_5&#8243; _builder_version=&#8221;4.19.5&#8243; _module_preset=&#8221;default&#8221; global_colors_info=&#8221;{}&#8221;][et_pb_text admin_label=&#8221;Headline Research and Development&#8221; module_class=&#8221;ueberschrift_bg_grau&#8221; _builder_version=&#8221;4.20.0&#8243; _module_preset=&#8221;default&#8221; global_colors_info=&#8221;{}&#8221;]<\/p>\n<h3 class=\"vc_custom_heading overviewbar2\">Research and Development at GAMPT<\/h3>\n<p>[\/et_pb_text][et_pb_text admin_label=&#8221;Text Research and Development&#8221; _builder_version=&#8221;4.20.0&#8243; _module_preset=&#8221;default&#8221; global_colors_info=&#8221;{}&#8221;]<\/p>\n<p>We, company GAMPT mbH, want to be seen as a problem solver for measuring and control problems in medicine and technique. Because of our personnel structure (very high share in natural scientists with university diploma) and our know-how in sensor technology and electronic measuring equipment we are able to focus on customer problems and to offer solutions from modules to the complete PC-controlled measuring station.<br \/>The focus lays on developments based on ultrasonic measuring methods but also solutions based on e.g. pressure or temperature measurements.<\/p>\n<h3>Our performance profile:<\/h3>\n<ul>\n<li>basic research by order to expand the know how of the customer and patent-protected coverage of his market postion<\/li>\n<li>examination and characterization of the essential parameters of the existing customer measuring and control technique with the aim to optimize it<\/li>\n<li>development of sensor and measuring modules as OEM for businesses<\/li>\n<li>development and -on request- production of complete systems which include next to the sensor technology also modules for the data processing (\u00b5C- and\/or PC-controlled) including the necessary software<\/li>\n<li>highly sensitive adapted measuring systems or also inexpensive serial measuring systems<\/li>\n<\/ul>\n<h3>All services can be generated\/performed\/provided as:<\/h3>\n<div class=\"et_pb_module et_pb_text et_pb_text_6  et_pb_text_align_left et_pb_bg_layout_light\">\n<div class=\"et_pb_text_inner\">\n<ul>\n<li>contracted order history with one-time payment and\/or licensing<\/li>\n<li>cooperation project with mutual use<\/li>\n<li>funded project supported by state\/federal government<\/li>\n<\/ul>\n<h3>For the basic research and special projects we cooperate with:<\/h3>\n<ul>\n<li>universities and technical colleges (e.g. university Halle, college Coburg)<\/li>\n<li>Fraunhofer institutes (e.g. ISE Freiburg)<\/li>\n<li>federal institutes (e.g. PTB Braunschweig)<\/li>\n<li>other SMB<\/li>\n<\/ul>\n<\/div>\n<\/div>\n<p>[\/et_pb_text][\/et_pb_column][\/et_pb_row][\/et_pb_section]<\/p>\n","protected":false},"excerpt":{"rendered":"<p>Are you interested in a cooperation or would like to have further information please contact us.Research and Development at GAMPTWe, company GAMPT mbH, want to be seen as a problem solver for measuring and control problems in medicine and technique. Because of our personnel structure (very high share in natural scientists with university diploma) and [&hellip;]<\/p>\n","protected":false},"author":1,"featured_media":0,"parent":0,"menu_order":0,"comment_status":"closed","ping_status":"closed","template":"","meta":{"_et_pb_use_builder":"on","_et_pb_old_content":"<p>[et_pb_section fb_built=\"1\" _builder_version=\"4.19.5\" _module_preset=\"default\" global_colors_info=\"{}\"][et_pb_row column_structure=\"2_5,3_5\" _builder_version=\"4.19.5\" _module_preset=\"default\" global_colors_info=\"{}\"][et_pb_column type=\"2_5\" _builder_version=\"4.19.5\" _module_preset=\"default\" global_colors_info=\"{}\"][et_pb_image src=\"https:\/\/www.gampt.de\/wp-content\/uploads\/2023\/05\/Forschung_und_Entwicklung.jpg\" title_text=\"Forschung und Entwicklung\" admin_label=\"Bild Forschung und Entwicklung\" _builder_version=\"4.20.0\" _module_preset=\"default\" global_colors_info=\"{}\"][\/et_pb_image][et_pb_text admin_label=\"Text unter dem Bild\" _builder_version=\"4.20.0\" _module_preset=\"default\" global_colors_info=\"{}\"]<\/p><p>Haben Sie Interesse an einer Kooperation oder w\u00fcnschen Sie weitere Informationen?<br \/>Wir freuen uns auf Ihren\u00a0<a href=\"https:\/\/www.gampt.de\/kontakt\/\">Kontakt<\/a>.<\/p><p>[\/et_pb_text][\/et_pb_column][et_pb_column type=\"3_5\" _builder_version=\"4.19.5\" _module_preset=\"default\" global_colors_info=\"{}\"][et_pb_text admin_label=\"\u00dcberschrift Forschung und Entwicklung\" module_class=\"ueberschrift_bg_grau\" _builder_version=\"4.20.0\" _module_preset=\"default\" global_colors_info=\"{}\"]<\/p><h3>Forschung und Entwicklung bei GAMPT<\/h3><p>[\/et_pb_text][et_pb_text admin_label=\"Text FuE Einleitung\" _builder_version=\"4.20.0\" _module_preset=\"default\" global_colors_info=\"{}\"]<\/p><p>Wir sind Probleml\u00f6ser f\u00fcr Mess- und Regelprobleme in Medizin und Technik. Auf Grund unser Personalstruktur mit einem sehr hohen Anteil an Naturwissenschaftlern mit Hochschulabschluss und unseres Know-hows in Sensorik und Messelektronik sind wir in der Lage, gezielt auf die Probleme unserer Kunden einzugehen und ihnen L\u00f6sungen vom einzelnen Modul bis zum kompletten PC-gesteuerten Messplatz anzubieten.<br \/>Schwerpunkte sind dabei Entwicklungen auf Basis von Ultraschallmessmethoden, aber auch L\u00f6sungen, die beispielsweise auf Druck- oder Temperaturmessungen beruhen.<\/p><p>[\/et_pb_text][et_pb_text admin_label=\"\u00dcberschrift Unser Leistungsprofil\" _builder_version=\"4.20.0\" _module_preset=\"default\" hover_enabled=\"0\" global_colors_info=\"{}\" sticky_enabled=\"0\"]<\/p><h3>Unser Leistungsprofil<\/h3><p>[\/et_pb_text][et_pb_text admin_label=\"Text Unser Leistungsprofil\" _builder_version=\"4.20.0\" _module_preset=\"default\" global_colors_info=\"{}\"]<\/p><ul><li>Grundlagenforschung zum Ausbau des Know-Hows des Auftraggebers und patentrechtlichen Absicherung seiner Marktposition<\/li><li>\u00dcberpr\u00fcfung bzw. Charakterisierung der wesentlichen Parameter beim Kunden vorhandener Mess- und Regeltechnik mit dem Ziel\u00a0ihrer Optimierung<\/li><li>Entwicklung von Sensoren bzw. Messmodulen als OEM f\u00fcr Unternehmen<\/li><li>Entwicklung und auf Wunsch Fertigung von Komplettsystemen, die neben der Sensorik auch Module zur Datenverarbeitung enthalten (\u00b5C- und\/oder PC-gesteuert) inklusive dazu ben\u00f6tigter Software<\/li><li>hochgenaue Einzelplatz- oder auch preiswerte Serienmesssysteme<\/li><\/ul><p>[\/et_pb_text][et_pb_text admin_label=\"\u00dcberschrift Alle Leistungen k\u00f6nnen erbracht werden \u00fcber\" _builder_version=\"4.20.0\" _module_preset=\"default\" global_colors_info=\"{}\"]<\/p><h3>Alle Leistungen k\u00f6nnen erbracht werden \u00fcber<\/h3><p>[\/et_pb_text][et_pb_text admin_label=\"Text Alle Leistungen k\u00f6nnen erbracht werden \u00fcber\" _builder_version=\"4.20.0\" _module_preset=\"default\" global_colors_info=\"{}\"]<\/p><ul><li>vertragliche Auftragsentwicklung mit Einmalabgeltung und\/oder Lizensierung<\/li><li>als Kooperationsprojekt mit gemeinsamer Nutzung<\/li><li>als gef\u00f6rdertes Projekt mit Unterst\u00fctzung des Bundes\/Landes<\/li><\/ul><p>[\/et_pb_text][et_pb_text admin_label=\"\u00dcberschrift F\u00fcr die Grundlagenforschung...\" _builder_version=\"4.20.0\" _module_preset=\"default\" global_colors_info=\"{}\"]<\/p><h3>F\u00fcr die Grundlagenforschung bzw. spezielle Projekte arbeiten wir zusammen mit<\/h3><p>[\/et_pb_text][et_pb_text admin_label=\"Text F\u00fcr die Grundlagenforschung ...\" _builder_version=\"4.20.0\" _module_preset=\"default\" global_colors_info=\"{}\"]<\/p><ul><li>Universit\u00e4ten und Fachhochschulen<\/li><li>Fraunhofer-Instituten<\/li><li>Bundesanstalten<\/li><li>anderen KMU<\/li><\/ul><p>[\/et_pb_text][\/et_pb_column][\/et_pb_row][\/et_pb_section]<\/p>","_et_gb_content_width":"","inline_featured_image":false,"footnotes":""},"class_list":["post-6798","page","type-page","status-publish","hentry"],"yoast_head":"<!-- This site is optimized with the Yoast SEO plugin v27.0 - https:\/\/yoast.com\/product\/yoast-seo-wordpress\/ -->\n<title>Research and Development &#187; GAMPT mbH<\/title>\n<meta name=\"description\" content=\"Research and Development &#187; GAMPT mbH\" \/>\n<meta name=\"robots\" content=\"index, follow, max-snippet:-1, max-image-preview:large, max-video-preview:-1\" \/>\n<link rel=\"canonical\" href=\"https:\/\/www.gampt.de\/en\/research-and-development\/\" \/>\n<meta property=\"og:locale\" content=\"en_US\" \/>\n<meta property=\"og:type\" content=\"article\" \/>\n<meta property=\"og:title\" content=\"Research and Development &#187; GAMPT mbH\" \/>\n<meta property=\"og:description\" content=\"Research and Development &#187; GAMPT mbH\" \/>\n<meta property=\"og:url\" content=\"https:\/\/www.gampt.de\/en\/research-and-development\/\" \/>\n<meta property=\"og:site_name\" content=\"GAMPT mbH\" \/>\n<meta property=\"article:modified_time\" content=\"2023-05-17T10:31:06+00:00\" \/>\n<meta name=\"twitter:card\" content=\"summary_large_image\" \/>\n<meta name=\"twitter:label1\" content=\"Est. reading time\" \/>\n\t<meta name=\"twitter:data1\" content=\"2 minutes\" \/>\n<script type=\"application\/ld+json\" class=\"yoast-schema-graph\">{\"@context\":\"https:\/\/schema.org\",\"@graph\":[{\"@type\":\"WebPage\",\"@id\":\"https:\/\/www.gampt.de\/en\/research-and-development\/\",\"url\":\"https:\/\/www.gampt.de\/en\/research-and-development\/\",\"name\":\"Research and Development &#187; GAMPT mbH\",\"isPartOf\":{\"@id\":\"https:\/\/www.gampt.de\/#website\"},\"datePublished\":\"2023-05-15T12:02:53+00:00\",\"dateModified\":\"2023-05-17T10:31:06+00:00\",\"description\":\"Research and Development &#187; GAMPT mbH\",\"breadcrumb\":{\"@id\":\"https:\/\/www.gampt.de\/en\/research-and-development\/#breadcrumb\"},\"inLanguage\":\"en-US\",\"potentialAction\":[{\"@type\":\"ReadAction\",\"target\":[\"https:\/\/www.gampt.de\/en\/research-and-development\/\"]}]},{\"@type\":\"BreadcrumbList\",\"@id\":\"https:\/\/www.gampt.de\/en\/research-and-development\/#breadcrumb\",\"itemListElement\":[{\"@type\":\"ListItem\",\"position\":1,\"name\":\"Startseite\",\"item\":\"https:\/\/www.gampt.de\/en\/home\/\"},{\"@type\":\"ListItem\",\"position\":2,\"name\":\"Research and Development\"}]},{\"@type\":\"WebSite\",\"@id\":\"https:\/\/www.gampt.de\/#website\",\"url\":\"https:\/\/www.gampt.de\/\",\"name\":\"INNOVATIVE ULTRASCHAL\u00adL\u00adMESSTECHNIK - GAMPT mbH\",\"description\":\"Innovative Ultraschall L\u00f6sungen - Innvoative Ultrasound Solutions\",\"publisher\":{\"@id\":\"https:\/\/www.gampt.de\/#organization\"},\"potentialAction\":[{\"@type\":\"SearchAction\",\"target\":{\"@type\":\"EntryPoint\",\"urlTemplate\":\"https:\/\/www.gampt.de\/?s={search_term_string}\"},\"query-input\":{\"@type\":\"PropertyValueSpecification\",\"valueRequired\":true,\"valueName\":\"search_term_string\"}}],\"inLanguage\":\"en-US\"},{\"@type\":\"Organization\",\"@id\":\"https:\/\/www.gampt.de\/#organization\",\"name\":\"GAMPT mbH\",\"url\":\"https:\/\/www.gampt.de\/\",\"logo\":{\"@type\":\"ImageObject\",\"inLanguage\":\"en-US\",\"@id\":\"https:\/\/www.gampt.de\/#\/schema\/logo\/image\/\",\"url\":\"https:\/\/www.gampt.de\/wp-content\/uploads\/2023\/05\/Logo_GAMPT_news2.jpg\",\"contentUrl\":\"https:\/\/www.gampt.de\/wp-content\/uploads\/2023\/05\/Logo_GAMPT_news2.jpg\",\"width\":600,\"height\":450,\"caption\":\"GAMPT mbH\"},\"image\":{\"@id\":\"https:\/\/www.gampt.de\/#\/schema\/logo\/image\/\"},\"sameAs\":[\"https:\/\/www.instagram.com\/gamptmbh\",\"https:\/\/www.linkedin.com\/company\/18440258\"]}]}<\/script>\n<!-- \/ Yoast SEO plugin. -->","yoast_head_json":{"title":"Research and Development &#187; GAMPT mbH","description":"Research and Development &#187; GAMPT mbH","robots":{"index":"index","follow":"follow","max-snippet":"max-snippet:-1","max-image-preview":"max-image-preview:large","max-video-preview":"max-video-preview:-1"},"canonical":"https:\/\/www.gampt.de\/en\/research-and-development\/","og_locale":"en_US","og_type":"article","og_title":"Research and Development &#187; GAMPT mbH","og_description":"Research and Development &#187; GAMPT mbH","og_url":"https:\/\/www.gampt.de\/en\/research-and-development\/","og_site_name":"GAMPT mbH","article_modified_time":"2023-05-17T10:31:06+00:00","twitter_card":"summary_large_image","twitter_misc":{"Est. reading time":"2 minutes"},"schema":{"@context":"https:\/\/schema.org","@graph":[{"@type":"WebPage","@id":"https:\/\/www.gampt.de\/en\/research-and-development\/","url":"https:\/\/www.gampt.de\/en\/research-and-development\/","name":"Research and Development &#187; GAMPT mbH","isPartOf":{"@id":"https:\/\/www.gampt.de\/#website"},"datePublished":"2023-05-15T12:02:53+00:00","dateModified":"2023-05-17T10:31:06+00:00","description":"Research and Development &#187; GAMPT mbH","breadcrumb":{"@id":"https:\/\/www.gampt.de\/en\/research-and-development\/#breadcrumb"},"inLanguage":"en-US","potentialAction":[{"@type":"ReadAction","target":["https:\/\/www.gampt.de\/en\/research-and-development\/"]}]},{"@type":"BreadcrumbList","@id":"https:\/\/www.gampt.de\/en\/research-and-development\/#breadcrumb","itemListElement":[{"@type":"ListItem","position":1,"name":"Startseite","item":"https:\/\/www.gampt.de\/en\/home\/"},{"@type":"ListItem","position":2,"name":"Research and Development"}]},{"@type":"WebSite","@id":"https:\/\/www.gampt.de\/#website","url":"https:\/\/www.gampt.de\/","name":"INNOVATIVE ULTRASCHAL\u00adL\u00adMESSTECHNIK - GAMPT mbH","description":"Innovative Ultraschall L\u00f6sungen - Innvoative Ultrasound Solutions","publisher":{"@id":"https:\/\/www.gampt.de\/#organization"},"potentialAction":[{"@type":"SearchAction","target":{"@type":"EntryPoint","urlTemplate":"https:\/\/www.gampt.de\/?s={search_term_string}"},"query-input":{"@type":"PropertyValueSpecification","valueRequired":true,"valueName":"search_term_string"}}],"inLanguage":"en-US"},{"@type":"Organization","@id":"https:\/\/www.gampt.de\/#organization","name":"GAMPT mbH","url":"https:\/\/www.gampt.de\/","logo":{"@type":"ImageObject","inLanguage":"en-US","@id":"https:\/\/www.gampt.de\/#\/schema\/logo\/image\/","url":"https:\/\/www.gampt.de\/wp-content\/uploads\/2023\/05\/Logo_GAMPT_news2.jpg","contentUrl":"https:\/\/www.gampt.de\/wp-content\/uploads\/2023\/05\/Logo_GAMPT_news2.jpg","width":600,"height":450,"caption":"GAMPT mbH"},"image":{"@id":"https:\/\/www.gampt.de\/#\/schema\/logo\/image\/"},"sameAs":["https:\/\/www.instagram.com\/gamptmbh","https:\/\/www.linkedin.com\/company\/18440258"]}]}},"jetpack_sharing_enabled":true,"_links":{"self":[{"href":"https:\/\/www.gampt.de\/en\/wp-json\/wp\/v2\/pages\/6798","targetHints":{"allow":["GET"]}}],"collection":[{"href":"https:\/\/www.gampt.de\/en\/wp-json\/wp\/v2\/pages"}],"about":[{"href":"https:\/\/www.gampt.de\/en\/wp-json\/wp\/v2\/types\/page"}],"author":[{"embeddable":true,"href":"https:\/\/www.gampt.de\/en\/wp-json\/wp\/v2\/users\/1"}],"replies":[{"embeddable":true,"href":"https:\/\/www.gampt.de\/en\/wp-json\/wp\/v2\/comments?post=6798"}],"version-history":[{"count":3,"href":"https:\/\/www.gampt.de\/en\/wp-json\/wp\/v2\/pages\/6798\/revisions"}],"predecessor-version":[{"id":7161,"href":"https:\/\/www.gampt.de\/en\/wp-json\/wp\/v2\/pages\/6798\/revisions\/7161"}],"wp:attachment":[{"href":"https:\/\/www.gampt.de\/en\/wp-json\/wp\/v2\/media?parent=6798"}],"curies":[{"name":"wp","href":"https:\/\/api.w.org\/{rel}","templated":true}]}}