{"id":6770,"date":"2023-05-15T12:20:57","date_gmt":"2023-05-15T10:20:57","guid":{"rendered":"https:\/\/kunden.cayou-media.de\/gampt\/?page_id=6770"},"modified":"2024-05-14T10:18:17","modified_gmt":"2024-05-14T08:18:17","slug":"profile","status":"publish","type":"page","link":"https:\/\/www.gampt.de\/en\/profile\/","title":{"rendered":"Profile"},"content":{"rendered":"<p>[et_pb_section fb_built=&#8221;1&#8243; _builder_version=&#8221;4.19.5&#8243; _module_preset=&#8221;default&#8221; global_colors_info=&#8221;{}&#8221;][et_pb_row column_structure=&#8221;2_5,3_5&#8243; _builder_version=&#8221;4.19.5&#8243; _module_preset=&#8221;default&#8221; global_colors_info=&#8221;{}&#8221;][et_pb_column type=&#8221;2_5&#8243; _builder_version=&#8221;4.19.5&#8243; _module_preset=&#8221;default&#8221; global_colors_info=&#8221;{}&#8221;][et_pb_text admin_label=&#8221;Headline Profile&#8221; module_class=&#8221;ueberschrift_bg_grau&#8221; _builder_version=&#8221;4.20.0&#8243; _module_preset=&#8221;default&#8221; global_colors_info=&#8221;{}&#8221;]<\/p>\n<h3>Profile<\/h3>\n<p>[\/et_pb_text][et_pb_code admin_label=&#8221;Video&#8221; _builder_version=&#8221;4.24.0&#8243; _module_preset=&#8221;default&#8221; global_colors_info=&#8221;{}&#8221;]<iframe loading=\"lazy\" width=\"560\" height=\"315\" src=\"https:\/\/www.youtube-nocookie.com\/embed\/YtR955xJV_4?si=jRxSZb06wbXLuR9q\" title=\"YouTube video player\" frameborder=\"0\" allow=\"accelerometer; autoplay; clipboard-write; encrypted-media; gyroscope; picture-in-picture; web-share\" referrerpolicy=\"strict-origin-when-cross-origin\" allowfullscreen><\/iframe>[\/et_pb_code][et_pb_image src=&#8221;https:\/\/www.gampt.de\/wp-content\/uploads\/2023\/05\/gampt_merseburg_01.jpg&#8221; title_text=&#8221;GAMPT in Merseburg&#8221; admin_label=&#8221;Image GAMPT summer&#8221; _builder_version=&#8221;4.24.0&#8243; _module_preset=&#8221;default&#8221; global_colors_info=&#8221;{}&#8221;][\/et_pb_image][et_pb_image src=&#8221;https:\/\/www.gampt.de\/wp-content\/uploads\/2023\/05\/gampt_merseburg_02.jpg&#8221; title_text=&#8221;GAMPT in Merseburg&#8221; admin_label=&#8221;Image GAMPT winter&#8221; _builder_version=&#8221;4.24.0&#8243; _module_preset=&#8221;default&#8221; global_colors_info=&#8221;{}&#8221;][\/et_pb_image][\/et_pb_column][et_pb_column type=&#8221;3_5&#8243; _builder_version=&#8221;4.19.5&#8243; _module_preset=&#8221;default&#8221; global_colors_info=&#8221;{}&#8221;][et_pb_text admin_label=&#8221;Headline GAMPT&#8221; module_class=&#8221;ueberschrift_bg_grau&#8221; _builder_version=&#8221;4.24.0&#8243; _module_preset=&#8221;default&#8221; hover_enabled=&#8221;0&#8243; global_colors_info=&#8221;{}&#8221; sticky_enabled=&#8221;0&#8243;]<\/p>\n<h3>GAMPT mbH &#8211; Gesellschaft f\u00fcr Angewandte Medizinische Physik und Technik<\/h3>\n<p>[\/et_pb_text][et_pb_text admin_label=&#8221;Text Profile Introduction&#8221; _builder_version=&#8221;4.20.0&#8243; _module_preset=&#8221;default&#8221; global_colors_info=&#8221;{}&#8221;]<\/p>\n<p>Founded in 1998 by employees of the Institut f\u00fcr Medizinische Physik und Biophysik of Martin Luther University Halle-Wittenberg, the name GAMPT \u2013 <strong>Company for Applied Medical Physics and Technique<\/strong> \u2013 now stands for comprehensive expertise in the field of ultrasonic measuring technology. We design our own projects and work together with partners from business and research to find solutions. A growing network of customers and partners in Germany, Europe, Asia and the USA is a reflection of many successful collaborations.<\/p>\n<p>[\/et_pb_text][et_pb_text admin_label=&#8221;Headline Top-Products &#8230;&#8221; module_class=&#8221;ueberschrift_bg_grau&#8221; _builder_version=&#8221;4.20.0&#8243; _module_preset=&#8221;default&#8221; global_colors_info=&#8221;{}&#8221;]<\/p>\n<h3>Top Products for Realistic Training<\/h3>\n<p>[\/et_pb_text][et_pb_text admin_label=&#8221;Text Top-Products &#8230;&#8221; _builder_version=&#8221;4.20.0&#8243; _module_preset=&#8221;default&#8221; global_colors_info=&#8221;{}&#8221;]<\/p>\n<p>Based on many years of experience in supporting students in the widest variety of subject areas in physics practical work, we develop and produce equipment and experimental sets, with which clearly demonstrative training can be carried out in practical applications of ultrasonic technology in medicine, physics and materials science.<\/p>\n<p>[\/et_pb_text][et_pb_text admin_label=&#8221;Headline The Most Modern Ultrasonic Measuring Technology&#8221; module_class=&#8221;ueberschrift_bg_grau&#8221; _builder_version=&#8221;4.20.0&#8243; _module_preset=&#8221;default&#8221; global_colors_info=&#8221;{}&#8221;]<\/p>\n<h3>The Most Modern Ultrasonic Measuring Technology<\/h3>\n<p>[\/et_pb_text][et_pb_text admin_label=&#8221;Text The Most Modern Ultrasonic Measuring Technology&#8221; _builder_version=&#8221;4.20.0&#8243; _module_preset=&#8221;default&#8221; global_colors_info=&#8221;{}&#8221;]<\/p>\n<p>Know-how gathered over many years in the field of ultrasonic measurement qualifies us to plan and realise even very complex and highly sensitive measuring methods and equipment \u2013 examples include the \u201cBubbleCounter\u201d in the field of medical technology and the membrane hydrophone for the measuring of sound fields.<\/p>\n<p>[\/et_pb_text][et_pb_text admin_label=&#8221;Headline Research on Behalf of the Customer&#8221; module_class=&#8221;ueberschrift_bg_grau&#8221; _builder_version=&#8221;4.20.0&#8243; _module_preset=&#8221;default&#8221; global_colors_info=&#8221;{}&#8221;]<\/p>\n<h3>Research on Behalf of the Customer<\/h3>\n<p>[\/et_pb_text][et_pb_text admin_label=&#8221;Text Research on Behalf of the Customer&#8221; _builder_version=&#8221;4.20.0&#8243; _module_preset=&#8221;default&#8221; global_colors_info=&#8221;{}&#8221;]<\/p>\n<p>In addition to our own devices we also develop individual ultrasonic solutions upon request. From the circuit design to the construction of sensors, the development of suitable software solutions to the production of complete devices \u2013 the brains at GAMPT find the right concepts for highly specialised requirements.<\/p>\n<p>[\/et_pb_text][et_pb_text admin_label=&#8221;Headline Network &#8230;&#8221; module_class=&#8221;ueberschrift_bg_grau&#8221; _builder_version=&#8221;4.20.0&#8243; _module_preset=&#8221;default&#8221; global_colors_info=&#8221;{}&#8221;]<\/p>\n<h3>Notworking as the basis for efficient use of resources<\/h3>\n<p>[\/et_pb_text][et_pb_text admin_label=&#8221;Text Network &#8230;. Logos&#8221; _builder_version=&#8221;4.20.0&#8243; _module_preset=&#8221;default&#8221; global_colors_info=&#8221;{}&#8221;]<\/p>\n<p>We are a member of the following networks:<\/p>\n<p><img loading=\"lazy\" decoding=\"async\" class=\"alignleft wp-image-6732 size-full\" src=\"https:\/\/www.gampt.de\/wp-content\/uploads\/2023\/05\/BVMW.png\" alt=\"\" width=\"168\" height=\"70\" \/> <img loading=\"lazy\" decoding=\"async\" class=\"wp-image-6734 size-full alignleft\" src=\"https:\/\/www.gampt.de\/wp-content\/uploads\/2023\/05\/ClusterMedTech.png\" alt=\"\" width=\"159\" height=\"70\" \/> <img loading=\"lazy\" decoding=\"async\" class=\"wp-image-6736 size-full alignleft\" src=\"https:\/\/www.gampt.de\/wp-content\/uploads\/2023\/05\/Net_US.jpg\" alt=\"\" width=\"162\" height=\"72\" \/> <img loading=\"lazy\" decoding=\"async\" class=\"wp-image-6738 size-full alignleft\" src=\"https:\/\/www.gampt.de\/wp-content\/uploads\/2023\/05\/ProsafeMed.png\" alt=\"\" width=\"157\" height=\"70\" \/> <img loading=\"lazy\" decoding=\"async\" class=\"wp-image-6740 size-full alignnone\" src=\"https:\/\/www.gampt.de\/wp-content\/uploads\/2023\/05\/Salinetechnikum.png\" alt=\"\" width=\"300\" height=\"71\" \/><\/p>\n<p>[\/et_pb_text][et_pb_text admin_label=&#8221;Text Network&#8230;. triqua&#8221; _builder_version=&#8221;4.20.0&#8243; _module_preset=&#8221;default&#8221; global_colors_info=&#8221;{}&#8221;]<\/p>\n<p>We are a member of the ZIM innovation network TRIQUA \u2013 Technologies for Sustainable Use and Treatment of Water.<\/p>\n<p><img loading=\"lazy\" decoding=\"async\" class=\"wp-image-6746 size-full alignnone\" src=\"https:\/\/www.gampt.de\/wp-content\/uploads\/2023\/05\/TRIQUA-Logo-50h.jpg\" alt=\"\" width=\"250\" height=\"50\" \/><\/p>\n<p><img loading=\"lazy\" decoding=\"async\" class=\"wp-image-6748 alignnone size-full\" src=\"https:\/\/www.gampt.de\/wp-content\/uploads\/2023\/05\/ZIM-Logo-150h.jpg\" alt=\"\" width=\"176\" height=\"150\" \/> <img loading=\"lazy\" decoding=\"async\" class=\"wp-image-6744 alignnone size-full\" src=\"https:\/\/www.gampt.de\/wp-content\/uploads\/2023\/05\/BMWK-Logo-150h.jpg\" alt=\"\" width=\"146\" height=\"150\" \/><\/p>\n<p>The network is funded by the German Federal Ministry of Economics and Climate Protection (BMWK) as part of the \u201cCentral Innovation Program for SMEs\u201d (ZIM) program.<br \/>TRIQUA brings together various players from industry and science whose main motivation is to develop integrated and sustainable solutions for water management over the next few years. The aim is to set new standards in the use of water as a vital resource.<br \/>The focus for all partners is therefore on the initiation and implementation of joint R&amp;D project ideas and technology approaches for the disinfection and purification of water streams, continuous monitoring of water quality and smart metering of water.<br \/><a href=\"https:\/\/www.gampt.de\/wp-content\/uploads\/2023\/05\/TRIQUA-Flyer_high-web.pdf\" target=\"_blank\" rel=\"noopener\">Network-Flyer<\/a><br \/>Network-Website: <a href=\"http:\/\/www.nw-triqua.de\/\" target=\"_blank\" rel=\"noopener\">www.nw-triqua.de<\/a><\/p>\n<p>[\/et_pb_text][\/et_pb_column][\/et_pb_row][\/et_pb_section]<\/p>\n","protected":false},"excerpt":{"rendered":"<p>ProfileGAMPT mbH &#8211; Gesellschaft f\u00fcr Angewandte Medizinische Physik und TechnikFounded in 1998 by employees of the Institut f\u00fcr Medizinische Physik und Biophysik of Martin Luther University Halle-Wittenberg, the name GAMPT \u2013 Company for Applied Medical Physics and Technique \u2013 now stands for comprehensive expertise in the field of ultrasonic measuring technology. We design our own [&hellip;]<\/p>\n","protected":false},"author":1,"featured_media":0,"parent":0,"menu_order":0,"comment_status":"closed","ping_status":"closed","template":"","meta":{"_et_pb_use_builder":"on","_et_pb_old_content":"<p>[et_pb_section fb_built=\"1\" _builder_version=\"4.19.5\" _module_preset=\"default\" global_colors_info=\"{}\"][et_pb_row column_structure=\"2_5,3_5\" _builder_version=\"4.19.5\" _module_preset=\"default\" global_colors_info=\"{}\"][et_pb_column type=\"2_5\" _builder_version=\"4.19.5\" _module_preset=\"default\" global_colors_info=\"{}\"][et_pb_text admin_label=\"\u00dcberschrift Firmenprofil\" module_class=\"ueberschrift_bg_grau\" _builder_version=\"4.20.0\" _module_preset=\"default\" global_colors_info=\"{}\"]<\/p><h3>Firmenprofil<\/h3><p>[\/et_pb_text][et_pb_code admin_label=\"Video\" _builder_version=\"4.20.0\" _module_preset=\"default\" global_colors_info=\"{}\"]<iframe src=\"https:\/\/www.youtube-nocookie.com\/embed\/6aHtpix2vpI?loop=1&playlist=6aHtpix2vpI\" frameborder=\"0\" scrolling=\"no\" allowfullscreen=\"allowfullscreen\" data-mce-fragment=\"1\"><\/iframe>[\/et_pb_code][et_pb_image src=\"https:\/\/www.gampt.de\/wp-content\/uploads\/2023\/05\/gampt_merseburg_01.jpg\" title_text=\"GAMPT in Merseburg\" admin_label=\"Bild GAMPT Haus Sommer\" _builder_version=\"4.20.0\" _module_preset=\"default\" global_colors_info=\"{}\"][\/et_pb_image][et_pb_image src=\"https:\/\/www.gampt.de\/wp-content\/uploads\/2023\/05\/gampt_merseburg_02.jpg\" title_text=\"GAMPT in Merseburg\" admin_label=\"Bild GAMPT Haus Winter\" _builder_version=\"4.20.0\" _module_preset=\"default\" global_colors_info=\"{}\"][\/et_pb_image][\/et_pb_column][et_pb_column type=\"3_5\" _builder_version=\"4.19.5\" _module_preset=\"default\" global_colors_info=\"{}\"][et_pb_text admin_label=\"\u00dcberschrift GAMPT\" module_class=\"ueberschrift_bg_grau\" _builder_version=\"4.20.0\" _module_preset=\"default\" global_colors_info=\"{}\"]<\/p><h3>GAMPT mbH - Gesellschaft f\u00fcr angewandte medizinische Physik und Technik<\/h3><p>[\/et_pb_text][et_pb_text admin_label=\"Text Firmenprofil Einleitung\" _builder_version=\"4.20.0\" _module_preset=\"default\" global_colors_info=\"{}\"]Im Jahr 1988 vin Mitarbeitern des Instituts f\u00fcr Medizinische Physik und Biophysik der Martin-Luther-Universit\u00e4t Halle-Wittenberg gegr\u00fcndet, steht der Name GAMPT heute f\u00fcr umfassende Expertise auf dem Gebiet der Ultraschallmesstechnik. Wir entwerfen eigene Projekte und arbeiten mit Partnern aus Wirtschaft und Forschung gemeinsam an L\u00f6sungen. Ein wachsendes Netzwerk von Kunden und Partnern in Deutschland, Europa, Asien und den USA ist Ausdruck zahlreicher erfolgreicher Kooperation.[\/et_pb_text][et_pb_text admin_label=\"\u00dcberschrift Top-Produkte...\" module_class=\"ueberschrift_bg_grau\" _builder_version=\"4.20.0\" _module_preset=\"default\" global_colors_info=\"{}\"]<\/p><h3>Top-Produkte f\u00fcr die praxisnahe Ausbildung<\/h3><p>[\/et_pb_text][et_pb_text admin_label=\"Text Top-Produkte ...\" _builder_version=\"4.20.0\" _module_preset=\"default\" global_colors_info=\"{}\"]Aufbauend auf langj\u00e4hrigen Erfahrungen bei der Betreuung von Studenten verschiedenster Fachrichtungen im physikalischen Praktikum entwickeln und fertigen wir Ger\u00e4te und Versuchsaufbauten, an denen praktische Anwendungen von Ultraschalltechnik in der Medizin, der Physik und der Werkstoffwissenschaft anschaulich trainiert werden k\u00f6nnen.[\/et_pb_text][et_pb_text admin_label=\"\u00dcberschrift Modernste Ultraschallmesstechnik\" module_class=\"ueberschrift_bg_grau\" _builder_version=\"4.20.0\" _module_preset=\"default\" global_colors_info=\"{}\"]<\/p><h3>Modernste Ultraschallmesstechnik<\/h3><p>[\/et_pb_text][et_pb_text admin_label=\"Text Modernste Ultraschallmesstechnik ...\" _builder_version=\"4.20.0\" _module_preset=\"default\" global_colors_info=\"{}\"]\u00dcber Jahre gewachsenes Know-how auf dem Gebiet der Ultraschallmessung qualifiziert uns dazu, auch sehr komplexe und hochsensible Messmethoden und Ger\u00e4te zu projektieren und zu realisieren \u2013 Beispiele sind der \u201eBubbleCounter\u201c im Bereich der Medizintechnik und das Membranhydrofon zur Vermessung von Schallfeldern.[\/et_pb_text][et_pb_text admin_label=\"\u00dcberschrift Forschung im Auftrag des Kunden\" module_class=\"ueberschrift_bg_grau\" _builder_version=\"4.20.0\" _module_preset=\"default\" global_colors_info=\"{}\"]<\/p><h3>Forschung im Auftrag des Kunden<\/h3><p>[\/et_pb_text][et_pb_text admin_label=\"Text Forschung im Auftrag des Kunden\" _builder_version=\"4.20.0\" _module_preset=\"default\" global_colors_info=\"{}\"]Neben unseren eigenen Ger\u00e4ten entwickeln wir auf Wunsch auch individuelle Ultraschall-L\u00f6sungen. Vom Schaltungsentwurf, \u00fcber den Bau von Sensoren, die Entwicklung passender Softwarel\u00f6sungen bis hin zur Anfertigung kompletter Ger\u00e4te \u2013 die K\u00f6pfe von GAMPT finden f\u00fcr hochspezialisierte Anforderungen die passenden Konzepte.[\/et_pb_text][et_pb_text admin_label=\"\u00dcberschrift Vernetzung...\" module_class=\"ueberschrift_bg_grau\" _builder_version=\"4.20.0\" _module_preset=\"default\" global_colors_info=\"{}\"]<\/p><h3>Vernetzung als Grundlage f\u00fcr effiziente Nutzung von Ressourcen<\/h3><p>[\/et_pb_text][et_pb_text admin_label=\"Text Vernetzung .... mit Logos\" _builder_version=\"4.20.0\" _module_preset=\"default\" global_colors_info=\"{}\"]<\/p><p>Wir sind Mitglied in folgenden Netzwerken:<\/p><p><img class=\"alignleft wp-image-6732 size-full\" src=\"https:\/\/www.gampt.de\/wp-content\/uploads\/2023\/05\/BVMW.png\" alt=\"\" width=\"168\" height=\"70\" \/> <img class=\"wp-image-6734 size-full alignleft\" src=\"https:\/\/www.gampt.de\/wp-content\/uploads\/2023\/05\/ClusterMedTech.png\" alt=\"\" width=\"159\" height=\"70\" \/> <img class=\"wp-image-6736 size-full alignleft\" src=\"https:\/\/www.gampt.de\/wp-content\/uploads\/2023\/05\/Net_US.jpg\" alt=\"\" width=\"162\" height=\"72\" \/> <img class=\"wp-image-6738 size-full alignleft\" src=\"https:\/\/www.gampt.de\/wp-content\/uploads\/2023\/05\/ProsafeMed.png\" alt=\"\" width=\"157\" height=\"70\" \/> <img class=\"wp-image-6740 size-full alignnone\" src=\"https:\/\/www.gampt.de\/wp-content\/uploads\/2023\/05\/Salinetechnikum.png\" alt=\"\" width=\"300\" height=\"71\" \/><\/p><p>[\/et_pb_text][et_pb_text admin_label=\"Text Vernetzung .... triqua\" _builder_version=\"4.20.0\" _module_preset=\"default\" hover_enabled=\"0\" global_colors_info=\"{}\" sticky_enabled=\"0\"]<\/p><p>Wir sind Mitglied im ZIM-Innovationsnetzwerk TRIQUA \u2013 Technologien zur nachhaltigen Nutzung und Aufbereitung von Wasser.<\/p><p><img class=\"wp-image-6746 size-full alignnone\" src=\"https:\/\/www.gampt.de\/wp-content\/uploads\/2023\/05\/TRIQUA-Logo-50h.jpg\" alt=\"\" width=\"250\" height=\"50\" \/><\/p><p><img class=\"wp-image-6748 alignnone size-full\" src=\"https:\/\/www.gampt.de\/wp-content\/uploads\/2023\/05\/ZIM-Logo-150h.jpg\" alt=\"\" width=\"176\" height=\"150\" \/> <img class=\"wp-image-6744 alignnone size-full\" src=\"https:\/\/www.gampt.de\/wp-content\/uploads\/2023\/05\/BMWK-Logo-150h.jpg\" alt=\"\" width=\"146\" height=\"150\" \/><\/p><p>Das Netzwerk wird im Rahmen des Programms \u201eZentrales Innovationsprogramm Mittelstand\u201c (ZIM) vom Bundesministerium f\u00fcr Wirtschaft und Klimaschutz (BMWK) gef\u00f6rdert.<br \/>In TRIQUA kooperieren verschiedene Akteure aus Wirtschaft und Wissenschaft, deren Hauptmotivation es ist, in den n\u00e4chsten Jahren integrierte und nachhaltige L\u00f6sungen f\u00fcr die Wasserwirtschaft zu entwickeln. Dabei sollen neue Ma\u00dfst\u00e4be im Umgang mit der lebenswichtigen Ressource Wasser gesetzt werden.<br \/>Im Vordergrund steht daher f\u00fcr alle Partner die Initiierung sowie Umsetzung von gemeinsamen FuE-Projektideen und Technologieans\u00e4tzen f\u00fcr die Desinfektion und Reinigung von Wasserstr\u00f6men, das kontinuierliche Monitoring der Wasserqualit\u00e4t und das Smart Metering des Wassers.<br \/><a href=\"https:\/\/www.gampt.de\/wp-content\/uploads\/2023\/05\/TRIQUA-Flyer_high-web.pdf\" target=\"_blank\" rel=\"noopener\">Netzwerk-Flyer<\/a><br \/>Netzwerk-Webseite: <a href=\"http:\/\/www.nw-triqua.de\/\" target=\"_blank\" rel=\"noopener\">www.nw-triqua.de<\/a><\/p><p>[\/et_pb_text][\/et_pb_column][\/et_pb_row][\/et_pb_section]<\/p>","_et_gb_content_width":"","inline_featured_image":false,"footnotes":""},"class_list":["post-6770","page","type-page","status-publish","hentry"],"yoast_head":"<!-- This site is optimized with the Yoast SEO plugin v27.5 - https:\/\/yoast.com\/product\/yoast-seo-wordpress\/ -->\n<title>Profile &#187; GAMPT mbH<\/title>\n<meta name=\"description\" content=\"Profile &#187; GAMPT mbH\" \/>\n<meta name=\"robots\" content=\"index, follow, max-snippet:-1, max-image-preview:large, max-video-preview:-1\" \/>\n<link rel=\"canonical\" href=\"https:\/\/www.gampt.de\/en\/profile\/\" \/>\n<meta property=\"og:locale\" content=\"en_US\" \/>\n<meta property=\"og:type\" content=\"article\" \/>\n<meta property=\"og:title\" content=\"Profile &#187; GAMPT mbH\" \/>\n<meta property=\"og:description\" content=\"Profile &#187; GAMPT mbH\" \/>\n<meta property=\"og:url\" content=\"https:\/\/www.gampt.de\/en\/profile\/\" \/>\n<meta property=\"og:site_name\" content=\"GAMPT mbH\" \/>\n<meta property=\"article:modified_time\" content=\"2024-05-14T08:18:17+00:00\" \/>\n<meta property=\"og:image\" content=\"https:\/\/www.gampt.de\/wp-content\/uploads\/2023\/05\/BVMW.png\" \/>\n<meta name=\"twitter:card\" content=\"summary_large_image\" \/>\n<meta name=\"twitter:label1\" content=\"Est. reading time\" \/>\n\t<meta name=\"twitter:data1\" content=\"5 minutes\" \/>\n<script type=\"application\/ld+json\" class=\"yoast-schema-graph\">{\"@context\":\"https:\\\/\\\/schema.org\",\"@graph\":[{\"@type\":\"WebPage\",\"@id\":\"https:\\\/\\\/www.gampt.de\\\/en\\\/profile\\\/\",\"url\":\"https:\\\/\\\/www.gampt.de\\\/en\\\/profile\\\/\",\"name\":\"Profile &#187; GAMPT mbH\",\"isPartOf\":{\"@id\":\"https:\\\/\\\/www.gampt.de\\\/#website\"},\"primaryImageOfPage\":{\"@id\":\"https:\\\/\\\/www.gampt.de\\\/en\\\/profile\\\/#primaryimage\"},\"image\":{\"@id\":\"https:\\\/\\\/www.gampt.de\\\/en\\\/profile\\\/#primaryimage\"},\"thumbnailUrl\":\"https:\\\/\\\/www.gampt.de\\\/wp-content\\\/uploads\\\/2023\\\/05\\\/BVMW.png\",\"datePublished\":\"2023-05-15T10:20:57+00:00\",\"dateModified\":\"2024-05-14T08:18:17+00:00\",\"description\":\"Profile &#187; GAMPT mbH\",\"breadcrumb\":{\"@id\":\"https:\\\/\\\/www.gampt.de\\\/en\\\/profile\\\/#breadcrumb\"},\"inLanguage\":\"en-US\",\"potentialAction\":[{\"@type\":\"ReadAction\",\"target\":[\"https:\\\/\\\/www.gampt.de\\\/en\\\/profile\\\/\"]}]},{\"@type\":\"ImageObject\",\"inLanguage\":\"en-US\",\"@id\":\"https:\\\/\\\/www.gampt.de\\\/en\\\/profile\\\/#primaryimage\",\"url\":\"https:\\\/\\\/www.gampt.de\\\/wp-content\\\/uploads\\\/2023\\\/05\\\/BVMW.png\",\"contentUrl\":\"https:\\\/\\\/www.gampt.de\\\/wp-content\\\/uploads\\\/2023\\\/05\\\/BVMW.png\"},{\"@type\":\"BreadcrumbList\",\"@id\":\"https:\\\/\\\/www.gampt.de\\\/en\\\/profile\\\/#breadcrumb\",\"itemListElement\":[{\"@type\":\"ListItem\",\"position\":1,\"name\":\"Startseite\",\"item\":\"https:\\\/\\\/www.gampt.de\\\/en\\\/home\\\/\"},{\"@type\":\"ListItem\",\"position\":2,\"name\":\"Profile\"}]},{\"@type\":\"WebSite\",\"@id\":\"https:\\\/\\\/www.gampt.de\\\/#website\",\"url\":\"https:\\\/\\\/www.gampt.de\\\/\",\"name\":\"INNOVATIVE ULTRASCHAL\u00adL\u00adMESSTECHNIK - GAMPT mbH\",\"description\":\"Innovative Ultraschall L\u00f6sungen - Innvoative Ultrasound Solutions\",\"publisher\":{\"@id\":\"https:\\\/\\\/www.gampt.de\\\/#organization\"},\"potentialAction\":[{\"@type\":\"SearchAction\",\"target\":{\"@type\":\"EntryPoint\",\"urlTemplate\":\"https:\\\/\\\/www.gampt.de\\\/?s={search_term_string}\"},\"query-input\":{\"@type\":\"PropertyValueSpecification\",\"valueRequired\":true,\"valueName\":\"search_term_string\"}}],\"inLanguage\":\"en-US\"},{\"@type\":\"Organization\",\"@id\":\"https:\\\/\\\/www.gampt.de\\\/#organization\",\"name\":\"GAMPT mbH\",\"url\":\"https:\\\/\\\/www.gampt.de\\\/\",\"logo\":{\"@type\":\"ImageObject\",\"inLanguage\":\"en-US\",\"@id\":\"https:\\\/\\\/www.gampt.de\\\/#\\\/schema\\\/logo\\\/image\\\/\",\"url\":\"https:\\\/\\\/www.gampt.de\\\/wp-content\\\/uploads\\\/2023\\\/05\\\/Logo_GAMPT_news2.jpg\",\"contentUrl\":\"https:\\\/\\\/www.gampt.de\\\/wp-content\\\/uploads\\\/2023\\\/05\\\/Logo_GAMPT_news2.jpg\",\"width\":600,\"height\":450,\"caption\":\"GAMPT mbH\"},\"image\":{\"@id\":\"https:\\\/\\\/www.gampt.de\\\/#\\\/schema\\\/logo\\\/image\\\/\"},\"sameAs\":[\"https:\\\/\\\/www.instagram.com\\\/gamptmbh\",\"https:\\\/\\\/www.linkedin.com\\\/company\\\/18440258\"]}]}<\/script>\n<!-- \/ Yoast SEO plugin. -->","yoast_head_json":{"title":"Profile &#187; GAMPT mbH","description":"Profile &#187; GAMPT mbH","robots":{"index":"index","follow":"follow","max-snippet":"max-snippet:-1","max-image-preview":"max-image-preview:large","max-video-preview":"max-video-preview:-1"},"canonical":"https:\/\/www.gampt.de\/en\/profile\/","og_locale":"en_US","og_type":"article","og_title":"Profile &#187; GAMPT mbH","og_description":"Profile &#187; GAMPT mbH","og_url":"https:\/\/www.gampt.de\/en\/profile\/","og_site_name":"GAMPT mbH","article_modified_time":"2024-05-14T08:18:17+00:00","og_image":[{"url":"https:\/\/www.gampt.de\/wp-content\/uploads\/2023\/05\/BVMW.png","type":"","width":"","height":""}],"twitter_card":"summary_large_image","twitter_misc":{"Est. reading time":"5 minutes"},"schema":{"@context":"https:\/\/schema.org","@graph":[{"@type":"WebPage","@id":"https:\/\/www.gampt.de\/en\/profile\/","url":"https:\/\/www.gampt.de\/en\/profile\/","name":"Profile &#187; GAMPT mbH","isPartOf":{"@id":"https:\/\/www.gampt.de\/#website"},"primaryImageOfPage":{"@id":"https:\/\/www.gampt.de\/en\/profile\/#primaryimage"},"image":{"@id":"https:\/\/www.gampt.de\/en\/profile\/#primaryimage"},"thumbnailUrl":"https:\/\/www.gampt.de\/wp-content\/uploads\/2023\/05\/BVMW.png","datePublished":"2023-05-15T10:20:57+00:00","dateModified":"2024-05-14T08:18:17+00:00","description":"Profile &#187; GAMPT mbH","breadcrumb":{"@id":"https:\/\/www.gampt.de\/en\/profile\/#breadcrumb"},"inLanguage":"en-US","potentialAction":[{"@type":"ReadAction","target":["https:\/\/www.gampt.de\/en\/profile\/"]}]},{"@type":"ImageObject","inLanguage":"en-US","@id":"https:\/\/www.gampt.de\/en\/profile\/#primaryimage","url":"https:\/\/www.gampt.de\/wp-content\/uploads\/2023\/05\/BVMW.png","contentUrl":"https:\/\/www.gampt.de\/wp-content\/uploads\/2023\/05\/BVMW.png"},{"@type":"BreadcrumbList","@id":"https:\/\/www.gampt.de\/en\/profile\/#breadcrumb","itemListElement":[{"@type":"ListItem","position":1,"name":"Startseite","item":"https:\/\/www.gampt.de\/en\/home\/"},{"@type":"ListItem","position":2,"name":"Profile"}]},{"@type":"WebSite","@id":"https:\/\/www.gampt.de\/#website","url":"https:\/\/www.gampt.de\/","name":"INNOVATIVE ULTRASCHAL\u00adL\u00adMESSTECHNIK - GAMPT mbH","description":"Innovative Ultraschall L\u00f6sungen - Innvoative Ultrasound Solutions","publisher":{"@id":"https:\/\/www.gampt.de\/#organization"},"potentialAction":[{"@type":"SearchAction","target":{"@type":"EntryPoint","urlTemplate":"https:\/\/www.gampt.de\/?s={search_term_string}"},"query-input":{"@type":"PropertyValueSpecification","valueRequired":true,"valueName":"search_term_string"}}],"inLanguage":"en-US"},{"@type":"Organization","@id":"https:\/\/www.gampt.de\/#organization","name":"GAMPT mbH","url":"https:\/\/www.gampt.de\/","logo":{"@type":"ImageObject","inLanguage":"en-US","@id":"https:\/\/www.gampt.de\/#\/schema\/logo\/image\/","url":"https:\/\/www.gampt.de\/wp-content\/uploads\/2023\/05\/Logo_GAMPT_news2.jpg","contentUrl":"https:\/\/www.gampt.de\/wp-content\/uploads\/2023\/05\/Logo_GAMPT_news2.jpg","width":600,"height":450,"caption":"GAMPT mbH"},"image":{"@id":"https:\/\/www.gampt.de\/#\/schema\/logo\/image\/"},"sameAs":["https:\/\/www.instagram.com\/gamptmbh","https:\/\/www.linkedin.com\/company\/18440258"]}]}},"jetpack_sharing_enabled":true,"_links":{"self":[{"href":"https:\/\/www.gampt.de\/en\/wp-json\/wp\/v2\/pages\/6770","targetHints":{"allow":["GET"]}}],"collection":[{"href":"https:\/\/www.gampt.de\/en\/wp-json\/wp\/v2\/pages"}],"about":[{"href":"https:\/\/www.gampt.de\/en\/wp-json\/wp\/v2\/types\/page"}],"author":[{"embeddable":true,"href":"https:\/\/www.gampt.de\/en\/wp-json\/wp\/v2\/users\/1"}],"replies":[{"embeddable":true,"href":"https:\/\/www.gampt.de\/en\/wp-json\/wp\/v2\/comments?post=6770"}],"version-history":[{"count":3,"href":"https:\/\/www.gampt.de\/en\/wp-json\/wp\/v2\/pages\/6770\/revisions"}],"predecessor-version":[{"id":13815,"href":"https:\/\/www.gampt.de\/en\/wp-json\/wp\/v2\/pages\/6770\/revisions\/13815"}],"wp:attachment":[{"href":"https:\/\/www.gampt.de\/en\/wp-json\/wp\/v2\/media?parent=6770"}],"curies":[{"name":"wp","href":"https:\/\/api.w.org\/{rel}","templated":true}]}}